{"id":858,"date":"2021-04-29T15:34:03","date_gmt":"2021-04-29T15:34:03","guid":{"rendered":"https:\/\/laforcano.com\/?page_id=858"},"modified":"2021-04-30T14:07:04","modified_gmt":"2021-04-30T14:07:04","slug":"estudio-hernan-gene","status":"publish","type":"page","link":"https:\/\/laforcano.com\/?page_id=858","title":{"rendered":"Estudio Hern\u00e1n Gen\u00e9"},"content":{"rendered":"<p>[et_pb_section fb_built=\u00bb1&#8243; _builder_version=\u00bb4.9.4&#8243; _module_preset=\u00bbdefault\u00bb min_height=\u00bb309.3px\u00bb custom_padding=\u00bb||3px|||\u00bb][et_pb_row _builder_version=\u00bb4.9.4&#8243; _module_preset=\u00bbdefault\u00bb custom_padding=\u00bb||0px|||\u00bb][et_pb_column type=\u00bb4_4&#8243; _builder_version=\u00bb4.9.4&#8243; _module_preset=\u00bbdefault\u00bb][et_pb_text _builder_version=\u00bb4.9.4&#8243; _module_preset=\u00bbdefault\u00bb text_text_color=\u00bb#919191&#8243; header_text_color=\u00bb#333333&#8243; custom_margin=\u00bb||50px|||\u00bb]<\/p>\n<h2>Estudio Hern\u00e1n Gen\u00e9<\/h2>\n<p>[\/et_pb_text][et_pb_divider color=\u00bb#e0e0e0&#8243; _builder_version=\u00bb4.9.4&#8243; _module_preset=\u00bbdefault\u00bb min_height=\u00bb10px\u00bb custom_margin=\u00bb-58px||26px|||\u00bb custom_padding=\u00bb9px|729px|4px|||\u00bb][\/et_pb_divider][\/et_pb_column][\/et_pb_row][et_pb_row column_structure=\u00bb1_4,3_4&#8243; _builder_version=\u00bb4.9.4&#8243; _module_preset=\u00bbdefault\u00bb hover_enabled=\u00bb0&#8243; sticky_enabled=\u00bb0&#8243; custom_margin=\u00bb-25px||||false|false\u00bb][et_pb_column type=\u00bb1_4&#8243; _builder_version=\u00bb4.9.4&#8243; _module_preset=\u00bbdefault\u00bb][et_pb_text _builder_version=\u00bb4.9.4&#8243; _module_preset=\u00bbdefault\u00bb text_font_size=\u00bb12px\u00bb text_orientation=\u00bbjustified\u00bb custom_padding=\u00bb|29px||||\u00bb hover_enabled=\u00bb0&#8243; sticky_enabled=\u00bb0&#8243;]<\/p>\n<p style=\"text-align: left;\"><span><a href=\"https:\/\/laforcano.com\/?page_id=39\">Dise\u00f1o de carteler\u00eda<\/a>, dosieres y programas de mano para diferentes proyectos esc\u00e9nicos del\u00a0<strong>Estudio Her\u00e1n Gen\u00e9<\/strong><\/span><span>.<\/span><\/p>\n<p><span><\/span><\/p>\n<p>[\/et_pb_text][\/et_pb_column][et_pb_column type=\u00bb3_4&#8243; _builder_version=\u00bb4.9.4&#8243; _module_preset=\u00bbdefault\u00bb][et_pb_image src=\u00bbhttp:\/\/laforcano.com\/wp-content\/uploads\/2021\/04\/Carteles-Hernan-DIN-A3-72ppp.jpg\u00bb _builder_version=\u00bb4.9.4&#8243; _module_preset=\u00bbdefault\u00bb hover_enabled=\u00bb0&#8243; sticky_enabled=\u00bb0&#8243; title_text=\u00bbEstudio Hern\u00e1n Gen\u00e9\u00bb][\/et_pb_image][\/et_pb_column][\/et_pb_row][et_pb_row _builder_version=\u00bb4.9.4&#8243; _module_preset=\u00bbdefault\u00bb][et_pb_column type=\u00bb4_4&#8243; _builder_version=\u00bb4.9.4&#8243; _module_preset=\u00bbdefault\u00bb][\/et_pb_column][\/et_pb_row][et_pb_row _builder_version=\u00bb4.9.4&#8243; _module_preset=\u00bbdefault\u00bb][et_pb_column type=\u00bb4_4&#8243; _builder_version=\u00bb4.9.4&#8243; _module_preset=\u00bbdefault\u00bb][et_pb_image src=\u00bbhttp:\/\/laforcano.com\/wp-content\/uploads\/2021\/04\/Programa-de-mano-Mutis.jpg\u00bb title_text=\u00bbEstudio Hern\u00e1n Gen\u00e9\u00bb _builder_version=\u00bb4.9.4&#8243; _module_preset=\u00bbdefault\u00bb custom_margin=\u00bb||-20px||false|false\u00bb][\/et_pb_image][\/et_pb_column][\/et_pb_row][et_pb_row _builder_version=\u00bb4.9.4&#8243; _module_preset=\u00bbdefault\u00bb][et_pb_column type=\u00bb4_4&#8243; _builder_version=\u00bb4.9.4&#8243; _module_preset=\u00bbdefault\u00bb][et_pb_image src=\u00bbhttp:\/\/laforcano.com\/wp-content\/uploads\/2021\/04\/Programa-de-mano-Burton.jpg\u00bb title_text=\u00bbEstudio Hern\u00e1n Gen\u00e9\u00bb _builder_version=\u00bb4.9.4&#8243; _module_preset=\u00bbdefault\u00bb custom_margin=\u00bb-20px||||false|false\u00bb][\/et_pb_image][\/et_pb_column][\/et_pb_row][et_pb_row _builder_version=\u00bb4.9.4&#8243; _module_preset=\u00bbdefault\u00bb][et_pb_column type=\u00bb4_4&#8243; _builder_version=\u00bb4.9.4&#8243; _module_preset=\u00bbdefault\u00bb][et_pb_image src=\u00bbhttp:\/\/laforcano.com\/wp-content\/uploads\/2021\/04\/Programa-de-mano-El-gato.jpg\u00bb title_text=\u00bbEstudio Hern\u00e1n Gen\u00e9\u00bb _builder_version=\u00bb4.9.4&#8243; _module_preset=\u00bbdefault\u00bb custom_margin=\u00bb-40px||||false|false\u00bb][\/et_pb_image][\/et_pb_column][\/et_pb_row][et_pb_row _builder_version=\u00bb4.9.4&#8243; _module_preset=\u00bbdefault\u00bb][et_pb_column type=\u00bb4_4&#8243; _builder_version=\u00bb4.9.4&#8243; _module_preset=\u00bbdefault\u00bb][\/et_pb_column][\/et_pb_row][\/et_pb_section]<\/p>\n","protected":false},"excerpt":{"rendered":"<p>[et_pb_section fb_built=\u00bb1&#8243; _builder_version=\u00bb4.9.4&#8243; _module_preset=\u00bbdefault\u00bb min_height=\u00bb309.3px\u00bb custom_padding=\u00bb||3px|||\u00bb][et_pb_row _builder_version=\u00bb4.9.4&#8243; _module_preset=\u00bbdefault\u00bb custom_padding=\u00bb||0px|||\u00bb][et_pb_column type=\u00bb4_4&#8243; _builder_version=\u00bb4.9.4&#8243; _module_preset=\u00bbdefault\u00bb][et_pb_text _builder_version=\u00bb4.9.4&#8243; _module_preset=\u00bbdefault\u00bb text_text_color=\u00bb#919191&#8243; header_text_color=\u00bb#333333&#8243; custom_margin=\u00bb||50px|||\u00bb] Estudio Hern\u00e1n Gen\u00e9 [\/et_pb_text][et_pb_divider color=\u00bb#e0e0e0&#8243; _builder_version=\u00bb4.9.4&#8243; _module_preset=\u00bbdefault\u00bb min_height=\u00bb10px\u00bb custom_margin=\u00bb-58px||26px|||\u00bb custom_padding=\u00bb9px|729px|4px|||\u00bb][\/et_pb_divider][\/et_pb_column][\/et_pb_row][et_pb_row column_structure=\u00bb1_4,3_4&#8243; _builder_version=\u00bb4.9.4&#8243; _module_preset=\u00bbdefault\u00bb hover_enabled=\u00bb0&#8243; sticky_enabled=\u00bb0&#8243; custom_margin=\u00bb-25px||||false|false\u00bb][et_pb_column type=\u00bb1_4&#8243; _builder_version=\u00bb4.9.4&#8243; _module_preset=\u00bbdefault\u00bb][et_pb_text _builder_version=\u00bb4.9.4&#8243; _module_preset=\u00bbdefault\u00bb text_font_size=\u00bb12px\u00bb text_orientation=\u00bbjustified\u00bb custom_padding=\u00bb|29px||||\u00bb hover_enabled=\u00bb0&#8243; sticky_enabled=\u00bb0&#8243;] Dise\u00f1o de carteler\u00eda, dosieres y programas de mano para diferentes proyectos esc\u00e9nicos [&hellip;]<\/p>\n","protected":false},"author":1,"featured_media":0,"parent":0,"menu_order":0,"comment_status":"closed","ping_status":"closed","template":"","meta":{"_et_pb_use_builder":"on","_et_pb_old_content":"<!-- wp:divi\/placeholder \/-->","_et_gb_content_width":"","_monsterinsights_skip_tracking":false,"_monsterinsights_sitenote_active":false,"_monsterinsights_sitenote_note":"","_monsterinsights_sitenote_category":0,"spay_email":"","footnotes":""},"class_list":["post-858","page","type-page","status-publish","hentry"],"_links":{"self":[{"href":"https:\/\/laforcano.com\/index.php?rest_route=\/wp\/v2\/pages\/858","targetHints":{"allow":["GET"]}}],"collection":[{"href":"https:\/\/laforcano.com\/index.php?rest_route=\/wp\/v2\/pages"}],"about":[{"href":"https:\/\/laforcano.com\/index.php?rest_route=\/wp\/v2\/types\/page"}],"author":[{"embeddable":true,"href":"https:\/\/laforcano.com\/index.php?rest_route=\/wp\/v2\/users\/1"}],"replies":[{"embeddable":true,"href":"https:\/\/laforcano.com\/index.php?rest_route=%2Fwp%2Fv2%2Fcomments&post=858"}],"version-history":[{"count":8,"href":"https:\/\/laforcano.com\/index.php?rest_route=\/wp\/v2\/pages\/858\/revisions"}],"predecessor-version":[{"id":967,"href":"https:\/\/laforcano.com\/index.php?rest_route=\/wp\/v2\/pages\/858\/revisions\/967"}],"wp:attachment":[{"href":"https:\/\/laforcano.com\/index.php?rest_route=%2Fwp%2Fv2%2Fmedia&parent=858"}],"curies":[{"name":"wp","href":"https:\/\/api.w.org\/{rel}","templated":true}]}}