{"id":1054,"date":"2021-05-01T16:44:31","date_gmt":"2021-05-01T16:44:31","guid":{"rendered":"https:\/\/laforcano.com\/?page_id=1054"},"modified":"2021-05-01T19:01:21","modified_gmt":"2021-05-01T19:01:21","slug":"el-lenguaje-de-las-flores","status":"publish","type":"page","link":"https:\/\/laforcano.com\/?page_id=1054","title":{"rendered":"El lenguaje de las flores"},"content":{"rendered":"<p>[et_pb_section fb_built=\u00bb1&#8243; _builder_version=\u00bb4.9.4&#8243; _module_preset=\u00bbdefault\u00bb min_height=\u00bb309.3px\u00bb custom_padding=\u00bb||3px|||\u00bb][et_pb_row _builder_version=\u00bb4.9.4&#8243; _module_preset=\u00bbdefault\u00bb custom_padding=\u00bb||0px|||\u00bb][et_pb_column type=\u00bb4_4&#8243; _builder_version=\u00bb4.9.4&#8243; _module_preset=\u00bbdefault\u00bb][et_pb_text _builder_version=\u00bb4.9.4&#8243; _module_preset=\u00bbdefault\u00bb text_text_color=\u00bb#919191&#8243; header_text_color=\u00bb#333333&#8243; custom_margin=\u00bb||50px|||\u00bb hover_enabled=\u00bb0&#8243; sticky_enabled=\u00bb0&#8243;]<\/p>\n<h1>El lenguaje de las flores<\/h1>\n<p>[\/et_pb_text][et_pb_divider color=\u00bb#e0e0e0&#8243; _builder_version=\u00bb4.9.4&#8243; _module_preset=\u00bbdefault\u00bb min_height=\u00bb10px\u00bb custom_margin=\u00bb-58px||26px|||\u00bb custom_padding=\u00bb9px|654px|4px|||\u00bb][\/et_pb_divider][\/et_pb_column][\/et_pb_row][et_pb_row column_structure=\u00bb1_3,2_3&#8243; _builder_version=\u00bb4.9.4&#8243; _module_preset=\u00bbdefault\u00bb custom_margin=\u00bb-25px||||false|false\u00bb][et_pb_column type=\u00bb1_3&#8243; _builder_version=\u00bb4.9.4&#8243; _module_preset=\u00bbdefault\u00bb][et_pb_text _builder_version=\u00bb4.9.4&#8243; _module_preset=\u00bbdefault\u00bb text_font_size=\u00bb12px\u00bb text_orientation=\u00bbjustified\u00bb width=\u00bb90%\u00bb hover_enabled=\u00bb0&#8243; sticky_enabled=\u00bb0&#8243;]<\/p>\n<p style=\"text-align: left;\"><a href=\"https:\/\/laforcano.com\/?page_id=39\">Dise\u00f1o de carteler\u00eda \u00a0<\/a><span>y dossier para el proyecto esc\u00e9nico <\/span><b>El lenguaje de las flores<\/b>.\u00a0<\/p>\n<p style=\"text-align: left;\">Si te gustan los collages puedes comprarlos en el apartado <a href=\"https:\/\/laforcano.com\/?page_id=30\">Tienda<\/a>. Adem\u00e1s de l\u00e1minas para enmarcar puedes usarlos en formato postal como dise\u00f1os para tus felicitaciones e <a href=\"https:\/\/laforcano.com\/?page_id=68\">invitaciones<\/a>. Tambi\u00e9n puedes encargarme nuevos collages con texturas o paletas de color que te gusten.<\/p>\n<p>[\/et_pb_text][\/et_pb_column][et_pb_column type=\u00bb2_3&#8243; _builder_version=\u00bb4.9.4&#8243; _module_preset=\u00bbdefault\u00bb][et_pb_image src=\u00bbhttp:\/\/laforcano.com\/wp-content\/uploads\/2021\/05\/mockup-dosier-el-lenguaje-de-las-flores.jpg\u00bb _builder_version=\u00bb4.9.4&#8243; _module_preset=\u00bbdefault\u00bb title_text=\u00bbEl lenguaje de las flores\u00bb hover_enabled=\u00bb0&#8243; sticky_enabled=\u00bb0&#8243;][\/et_pb_image][\/et_pb_column][\/et_pb_row][et_pb_row _builder_version=\u00bb4.9.4&#8243; _module_preset=\u00bbdefault\u00bb][et_pb_column type=\u00bb4_4&#8243; _builder_version=\u00bb4.9.4&#8243; _module_preset=\u00bbdefault\u00bb][et_pb_gallery _builder_version=\u00bb4.9.4&#8243; _module_preset=\u00bbdefault\u00bb fullwidth=\u00bbon\u00bb gallery_ids=\u00bb1108,1106,1107,1105&#8243; hover_enabled=\u00bb0&#8243; sticky_enabled=\u00bb0&#8243;][\/et_pb_gallery][\/et_pb_column][\/et_pb_row][et_pb_row _builder_version=\u00bb4.9.4&#8243; _module_preset=\u00bbdefault\u00bb column_structure=\u00bb1_2,1_2&#8243;][et_pb_column _builder_version=\u00bb4.9.4&#8243; _module_preset=\u00bbdefault\u00bb type=\u00bb1_2&#8243;][et_pb_image src=\u00bbhttp:\/\/laforcano.com\/wp-content\/uploads\/2021\/04\/Mockup-neutro-laminas-Paisajes1-DIN-A3-72ppp.jpg\u00bb _builder_version=\u00bb4.9.4&#8243; _module_preset=\u00bbdefault\u00bb title_text=\u00bbSerie Paisajes\u00bb hover_enabled=\u00bb0&#8243; sticky_enabled=\u00bb0&#8243;][\/et_pb_image][\/et_pb_column][et_pb_column _builder_version=\u00bb4.9.4&#8243; _module_preset=\u00bbdefault\u00bb type=\u00bb1_2&#8243;][et_pb_image src=\u00bbhttp:\/\/laforcano.com\/wp-content\/uploads\/2021\/04\/Mockup-neutro-laminas-Paisajes6-DIN-A3-72ppp.jpg\u00bb _builder_version=\u00bb4.9.4&#8243; _module_preset=\u00bbdefault\u00bb title_text=\u00bbSerie Paisajes\u00bb hover_enabled=\u00bb0&#8243; sticky_enabled=\u00bb0&#8243;][\/et_pb_image][\/et_pb_column][\/et_pb_row][et_pb_row _builder_version=\u00bb4.9.4&#8243; _module_preset=\u00bbdefault\u00bb column_structure=\u00bb1_2,1_2&#8243;][et_pb_column _builder_version=\u00bb4.9.4&#8243; _module_preset=\u00bbdefault\u00bb type=\u00bb1_2&#8243;][et_pb_image src=\u00bbhttp:\/\/laforcano.com\/wp-content\/uploads\/2021\/04\/Mockup-neutro-laminas-Paisajes3-DIN-A3-72ppp.jpg\u00bb _builder_version=\u00bb4.9.4&#8243; _module_preset=\u00bbdefault\u00bb title_text=\u00bbSerie Paisajes\u00bb hover_enabled=\u00bb0&#8243; sticky_enabled=\u00bb0&#8243;][\/et_pb_image][\/et_pb_column][et_pb_column _builder_version=\u00bb4.9.4&#8243; _module_preset=\u00bbdefault\u00bb type=\u00bb1_2&#8243;][et_pb_image src=\u00bbhttp:\/\/laforcano.com\/wp-content\/uploads\/2021\/04\/Mockup-neutro-laminas-Paisajes2-DIN-A3-72ppp.jpg\u00bb _builder_version=\u00bb4.9.4&#8243; _module_preset=\u00bbdefault\u00bb title_text=\u00bbSerie Paisajes\u00bb hover_enabled=\u00bb0&#8243; sticky_enabled=\u00bb0&#8243;][\/et_pb_image][\/et_pb_column][\/et_pb_row][et_pb_row _builder_version=\u00bb4.9.4&#8243; _module_preset=\u00bbdefault\u00bb column_structure=\u00bb1_2,1_2&#8243;][et_pb_column _builder_version=\u00bb4.9.4&#8243; _module_preset=\u00bbdefault\u00bb type=\u00bb1_2&#8243;][et_pb_image src=\u00bbhttp:\/\/laforcano.com\/wp-content\/uploads\/2021\/04\/Mockup-neutro-laminas-Paisajes4-DIN-A3-72ppp.jpg\u00bb _builder_version=\u00bb4.9.4&#8243; _module_preset=\u00bbdefault\u00bb title_text=\u00bbSerie Paisajes\u00bb hover_enabled=\u00bb0&#8243; sticky_enabled=\u00bb0&#8243;][\/et_pb_image][\/et_pb_column][et_pb_column _builder_version=\u00bb4.9.4&#8243; _module_preset=\u00bbdefault\u00bb type=\u00bb1_2&#8243;][et_pb_image src=\u00bbhttp:\/\/laforcano.com\/wp-content\/uploads\/2021\/04\/Mockup-neutro-laminas-Paisajes5-DIN-A3-72ppp.jpg\u00bb _builder_version=\u00bb4.9.4&#8243; _module_preset=\u00bbdefault\u00bb title_text=\u00bbSerie Paisajes\u00bb hover_enabled=\u00bb0&#8243; sticky_enabled=\u00bb0&#8243;][\/et_pb_image][\/et_pb_column][\/et_pb_row][et_pb_row _builder_version=\u00bb4.9.4&#8243; _module_preset=\u00bbdefault\u00bb][et_pb_column type=\u00bb4_4&#8243; _builder_version=\u00bb4.9.4&#8243; _module_preset=\u00bbdefault\u00bb][\/et_pb_column][\/et_pb_row][\/et_pb_section]<\/p>\n","protected":false},"excerpt":{"rendered":"<p>[et_pb_section fb_built=\u00bb1&#8243; _builder_version=\u00bb4.9.4&#8243; _module_preset=\u00bbdefault\u00bb min_height=\u00bb309.3px\u00bb custom_padding=\u00bb||3px|||\u00bb][et_pb_row _builder_version=\u00bb4.9.4&#8243; _module_preset=\u00bbdefault\u00bb custom_padding=\u00bb||0px|||\u00bb][et_pb_column type=\u00bb4_4&#8243; _builder_version=\u00bb4.9.4&#8243; _module_preset=\u00bbdefault\u00bb][et_pb_text _builder_version=\u00bb4.9.4&#8243; _module_preset=\u00bbdefault\u00bb text_text_color=\u00bb#919191&#8243; header_text_color=\u00bb#333333&#8243; custom_margin=\u00bb||50px|||\u00bb hover_enabled=\u00bb0&#8243; sticky_enabled=\u00bb0&#8243;] El lenguaje de las flores [\/et_pb_text][et_pb_divider color=\u00bb#e0e0e0&#8243; _builder_version=\u00bb4.9.4&#8243; _module_preset=\u00bbdefault\u00bb min_height=\u00bb10px\u00bb custom_margin=\u00bb-58px||26px|||\u00bb custom_padding=\u00bb9px|654px|4px|||\u00bb][\/et_pb_divider][\/et_pb_column][\/et_pb_row][et_pb_row column_structure=\u00bb1_3,2_3&#8243; _builder_version=\u00bb4.9.4&#8243; _module_preset=\u00bbdefault\u00bb custom_margin=\u00bb-25px||||false|false\u00bb][et_pb_column type=\u00bb1_3&#8243; _builder_version=\u00bb4.9.4&#8243; _module_preset=\u00bbdefault\u00bb][et_pb_text _builder_version=\u00bb4.9.4&#8243; _module_preset=\u00bbdefault\u00bb text_font_size=\u00bb12px\u00bb text_orientation=\u00bbjustified\u00bb width=\u00bb90%\u00bb hover_enabled=\u00bb0&#8243; sticky_enabled=\u00bb0&#8243;] Dise\u00f1o de carteler\u00eda \u00a0y dossier para el proyecto esc\u00e9nico El [&hellip;]<\/p>\n","protected":false},"author":1,"featured_media":0,"parent":0,"menu_order":0,"comment_status":"closed","ping_status":"closed","template":"","meta":{"_et_pb_use_builder":"on","_et_pb_old_content":"<!-- wp:divi\/placeholder \/-->","_et_gb_content_width":"","_monsterinsights_skip_tracking":false,"_monsterinsights_sitenote_active":false,"_monsterinsights_sitenote_note":"","_monsterinsights_sitenote_category":0,"spay_email":"","footnotes":""},"class_list":["post-1054","page","type-page","status-publish","hentry"],"_links":{"self":[{"href":"https:\/\/laforcano.com\/index.php?rest_route=\/wp\/v2\/pages\/1054","targetHints":{"allow":["GET"]}}],"collection":[{"href":"https:\/\/laforcano.com\/index.php?rest_route=\/wp\/v2\/pages"}],"about":[{"href":"https:\/\/laforcano.com\/index.php?rest_route=\/wp\/v2\/types\/page"}],"author":[{"embeddable":true,"href":"https:\/\/laforcano.com\/index.php?rest_route=\/wp\/v2\/users\/1"}],"replies":[{"embeddable":true,"href":"https:\/\/laforcano.com\/index.php?rest_route=%2Fwp%2Fv2%2Fcomments&post=1054"}],"version-history":[{"count":5,"href":"https:\/\/laforcano.com\/index.php?rest_route=\/wp\/v2\/pages\/1054\/revisions"}],"predecessor-version":[{"id":1112,"href":"https:\/\/laforcano.com\/index.php?rest_route=\/wp\/v2\/pages\/1054\/revisions\/1112"}],"wp:attachment":[{"href":"https:\/\/laforcano.com\/index.php?rest_route=%2Fwp%2Fv2%2Fmedia&parent=1054"}],"curies":[{"name":"wp","href":"https:\/\/api.w.org\/{rel}","templated":true}]}}